{"id":15,"date":"2025-04-16T08:24:05","date_gmt":"2025-04-16T06:24:05","guid":{"rendered":"http:\/\/hantverkare.ax\/?page_id=15"},"modified":"2025-04-16T08:24:44","modified_gmt":"2025-04-16T06:24:44","slug":"om-oss","status":"publish","type":"page","link":"https:\/\/hantverkare.ax\/?page_id=15","title":{"rendered":"Om oss"},"content":{"rendered":"<h2>Katalogen<\/h2>\n<p>I \u00f6ver 10 \u00e5rs tid har katalogerna delats ut till alla hush\u00e5ll p\u00e5 \u00c5land.<br \/>\nMan kan \u00e4ven hitta katalogerna hos de f\u00f6retag som annonserar h\u00e4r och i katalogen!<\/p>\n<p>Bes\u00f6k och Gilla v\u00e5r <a title=\"Facebook\" href=\"https:\/\/www.facebook.com\/hantverkare.ax\" target=\"_blank\" rel=\"noopener\">Facebook<\/a>-sida!<\/p>\n<h2>Vill du ocks\u00e5 synas h\u00e4r?<\/h2>\n<p>Har du ett hantverksf\u00f6retag som du vill presentera? Tag kontakt med oss p\u00e5 hantverkare.ax via mail:\u00a0 info@hantverkare.ax<br \/>\nEller p\u00e5 telefon: +358 457 34 24 936<\/p>\n<h2>Annonsering<\/h2>\n<p>Vill du boka en annons p\u00e5 hemsidan eller i kommande katalog? Tag kontakt med oss p\u00e5 mail: info@hantverkare.ax<\/p>\n<h2>Vill du ha hj\u00e4lp att ta fram en ny logga eller enklare hemsida?<\/h2>\n<p>Vi hj\u00e4lper dig att ta fram en logga, text, annons, facebooksida eller hemsida till mycket f\u00f6rm\u00e5nliga priser! Tveka inte h\u00f6ra av dig f\u00f6r att diskutera vad just du beh\u00f6ver. En trevlig diskussion och en offert kostar ingenting!<\/p>\n<p>Mail: dayseemedia@gmail.com<\/p>\n<p>Katalogen och hemsidan produceras och drivs av DaySee, Reklam &amp; Kommunikation<\/p>\n<p><a href=\"http:\/\/hantverkare.ax\/wp-content\/uploads\/2015\/05\/113dcce6c294b05151694debfbe43335.png\"><img loading=\"lazy\" decoding=\"async\" class=\"alignnone size-full wp-image-16\" src=\"http:\/\/hantverkare.ax\/wp-content\/uploads\/2015\/05\/113dcce6c294b05151694debfbe43335.png\" alt=\"Sk\u00e4rmavbild 2013-02-11 kl. 22.05.13\" width=\"186\" height=\"58\" \/><\/a><\/p>\n","protected":false},"excerpt":{"rendered":"<p>Katalogen I \u00f6ver 10 \u00e5rs tid har katalogerna delats ut till alla hush\u00e5ll p\u00e5 \u00c5land. Man kan \u00e4ven hitta katalogerna hos de f\u00f6retag som annonserar h\u00e4r och i katalogen! Bes\u00f6k och Gilla v\u00e5r Facebook-sida! Vill du ocks\u00e5 synas h\u00e4r? Har du ett hantverksf\u00f6retag som du vill presentera? Tag kontakt med oss p\u00e5 hantverkare.ax via mail:\u00a0 &#8230; <a title=\"Om oss\" class=\"read-more\" href=\"https:\/\/hantverkare.ax\/?page_id=15\" aria-label=\"More on Om oss\">Read more<\/a><\/p>\n","protected":false},"author":1,"featured_media":0,"parent":0,"menu_order":0,"comment_status":"closed","ping_status":"closed","template":"","meta":{"footnotes":""},"aioseo_notices":[],"_links":{"self":[{"href":"https:\/\/hantverkare.ax\/index.php?rest_route=\/wp\/v2\/pages\/15"}],"collection":[{"href":"https:\/\/hantverkare.ax\/index.php?rest_route=\/wp\/v2\/pages"}],"about":[{"href":"https:\/\/hantverkare.ax\/index.php?rest_route=\/wp\/v2\/types\/page"}],"author":[{"embeddable":true,"href":"https:\/\/hantverkare.ax\/index.php?rest_route=\/wp\/v2\/users\/1"}],"replies":[{"embeddable":true,"href":"https:\/\/hantverkare.ax\/index.php?rest_route=%2Fwp%2Fv2%2Fcomments&post=15"}],"version-history":[{"count":5,"href":"https:\/\/hantverkare.ax\/index.php?rest_route=\/wp\/v2\/pages\/15\/revisions"}],"predecessor-version":[{"id":1673,"href":"https:\/\/hantverkare.ax\/index.php?rest_route=\/wp\/v2\/pages\/15\/revisions\/1673"}],"wp:attachment":[{"href":"https:\/\/hantverkare.ax\/index.php?rest_route=%2Fwp%2Fv2%2Fmedia&parent=15"}],"curies":[{"name":"wp","href":"https:\/\/api.w.org\/{rel}","templated":true}]}}