{"id":35,"date":"2025-04-16T08:28:02","date_gmt":"2025-04-16T06:28:02","guid":{"rendered":"http:\/\/hantverkare.ax\/?page_id=35"},"modified":"2025-04-16T08:28:03","modified_gmt":"2025-04-16T06:28:03","slug":"sjoarbeten","status":"publish","type":"page","link":"https:\/\/hantverkare.ax\/?page_id=35","title":{"rendered":"Sj\u00f6arbeten"},"content":{"rendered":"<h3><ul class=\"lcp_catlist\" id=\"lcp_instance_0\"><li><a href=\"https:\/\/hantverkare.ax\/?p=134\">AX Sj\u00f6entreprenader AB<\/a><\/li><li><a href=\"https:\/\/hantverkare.ax\/?p=47\">Sandstr\u00f6m Bygg AB &#038; J\u00e4derholms Gr\u00e4v<\/a><\/li><\/ul><\/h3>\n","protected":false},"excerpt":{"rendered":"","protected":false},"author":1,"featured_media":0,"parent":0,"menu_order":0,"comment_status":"closed","ping_status":"closed","template":"","meta":{"footnotes":""},"aioseo_notices":[],"_links":{"self":[{"href":"https:\/\/hantverkare.ax\/index.php?rest_route=\/wp\/v2\/pages\/35"}],"collection":[{"href":"https:\/\/hantverkare.ax\/index.php?rest_route=\/wp\/v2\/pages"}],"about":[{"href":"https:\/\/hantverkare.ax\/index.php?rest_route=\/wp\/v2\/types\/page"}],"author":[{"embeddable":true,"href":"https:\/\/hantverkare.ax\/index.php?rest_route=\/wp\/v2\/users\/1"}],"replies":[{"embeddable":true,"href":"https:\/\/hantverkare.ax\/index.php?rest_route=%2Fwp%2Fv2%2Fcomments&post=35"}],"version-history":[{"count":2,"href":"https:\/\/hantverkare.ax\/index.php?rest_route=\/wp\/v2\/pages\/35\/revisions"}],"predecessor-version":[{"id":156,"href":"https:\/\/hantverkare.ax\/index.php?rest_route=\/wp\/v2\/pages\/35\/revisions\/156"}],"wp:attachment":[{"href":"https:\/\/hantverkare.ax\/index.php?rest_route=%2Fwp%2Fv2%2Fmedia&parent=35"}],"curies":[{"name":"wp","href":"https:\/\/api.w.org\/{rel}","templated":true}]}}