{"id":7,"date":"2025-04-16T08:29:31","date_gmt":"2025-04-16T06:29:31","guid":{"rendered":"http:\/\/hantverkare.ax\/?page_id=7"},"modified":"2025-04-16T08:29:32","modified_gmt":"2025-04-16T06:29:32","slug":"alla-hantverkare-pa-sidan","status":"publish","type":"page","link":"https:\/\/hantverkare.ax\/?page_id=7","title":{"rendered":"Alla hantverkare p\u00e5 sidan"},"content":{"rendered":"<h1><strong>Lista \u00f6ver alla hantverkare p\u00e5 sidan:<\/strong><\/h1>\n<h3><ul class=\"lcp_catlist\" id=\"lcp_instance_0\"><li><a href=\"https:\/\/hantverkare.ax\/?p=1422\">AX Stone<\/a><\/li><li><a href=\"https:\/\/hantverkare.ax\/?p=512\">Tonys Gr\u00e4v AB<\/a><\/li><li><a href=\"https:\/\/hantverkare.ax\/?p=59\">JFS El &#038; Energi Ab<\/a><\/li><li><a href=\"https:\/\/hantverkare.ax\/?p=1413\">\u00c5landssotarna<\/a><\/li><li><a href=\"https:\/\/hantverkare.ax\/?p=1691\">CKH Tr\u00e4dg\u00e5rd &amp; Design.<\/a><\/li><li><a href=\"https:\/\/hantverkare.ax\/?p=1390\">Jannes Pl\u00e5t<\/a><\/li><li><a href=\"https:\/\/hantverkare.ax\/?p=975\">Firma Ronny Roos<\/a><\/li><li><a href=\"https:\/\/hantverkare.ax\/?p=968\">DB Bygg &#038; Fix<\/a><\/li><li><a href=\"https:\/\/hantverkare.ax\/?p=256\">H\u00f6gmans M\u00e5leri<\/a><\/li><li><a href=\"https:\/\/hantverkare.ax\/?p=134\">AX Sj\u00f6entreprenader AB<\/a><\/li><li><a href=\"https:\/\/hantverkare.ax\/?p=118\">Baltic Bygg AB<\/a><\/li><li><a href=\"https:\/\/hantverkare.ax\/?p=108\">Jans Gr\u00e4vservice<\/a><\/li><li><a href=\"https:\/\/hantverkare.ax\/?p=105\">Byggnadsbyr\u00e5 J. Bergman AB<\/a><\/li><li><a href=\"https:\/\/hantverkare.ax\/?p=80\">AX Ombyggnad AB<\/a><\/li><li><a href=\"https:\/\/hantverkare.ax\/?p=62\">CTL Bygg &#038; Snickeri<\/a><\/li><li><a href=\"https:\/\/hantverkare.ax\/?p=77\">Sarlings Bygg Kb<\/a><\/li><li><a href=\"https:\/\/hantverkare.ax\/?p=1396\">MN M\u00e5leri<\/a><\/li><li><a href=\"https:\/\/hantverkare.ax\/?p=1407\">Mickes Tak<\/a><\/li><li><a href=\"https:\/\/hantverkare.ax\/?p=1427\">Jans\u00e9ns Bergspr\u00e4ngning<\/a><\/li><li><a href=\"https:\/\/hantverkare.ax\/?p=1459\">Davids Snickeri &amp; Tr\u00e4dservice<\/a><\/li><li><a href=\"https:\/\/hantverkare.ax\/?p=345\">Sj\u00f6str\u00f6ms Bygg &#038; Fix<\/a><\/li><li><a href=\"https:\/\/hantverkare.ax\/?p=50\">GS Bygg<\/a><\/li><li><a href=\"https:\/\/hantverkare.ax\/?p=259\">Livskvalitet<\/a><\/li><\/ul><\/h3>\n","protected":false},"excerpt":{"rendered":"<p>Lista \u00f6ver alla hantverkare p\u00e5 sidan:<\/p>\n","protected":false},"author":1,"featured_media":0,"parent":0,"menu_order":0,"comment_status":"closed","ping_status":"closed","template":"","meta":{"footnotes":""},"aioseo_notices":[],"_links":{"self":[{"href":"https:\/\/hantverkare.ax\/index.php?rest_route=\/wp\/v2\/pages\/7"}],"collection":[{"href":"https:\/\/hantverkare.ax\/index.php?rest_route=\/wp\/v2\/pages"}],"about":[{"href":"https:\/\/hantverkare.ax\/index.php?rest_route=\/wp\/v2\/types\/page"}],"author":[{"embeddable":true,"href":"https:\/\/hantverkare.ax\/index.php?rest_route=\/wp\/v2\/users\/1"}],"replies":[{"embeddable":true,"href":"https:\/\/hantverkare.ax\/index.php?rest_route=%2Fwp%2Fv2%2Fcomments&post=7"}],"version-history":[{"count":2,"href":"https:\/\/hantverkare.ax\/index.php?rest_route=\/wp\/v2\/pages\/7\/revisions"}],"predecessor-version":[{"id":161,"href":"https:\/\/hantverkare.ax\/index.php?rest_route=\/wp\/v2\/pages\/7\/revisions\/161"}],"wp:attachment":[{"href":"https:\/\/hantverkare.ax\/index.php?rest_route=%2Fwp%2Fv2%2Fmedia&parent=7"}],"curies":[{"name":"wp","href":"https:\/\/api.w.org\/{rel}","templated":true}]}}